{"id":2,"date":"2025-07-25T11:52:09","date_gmt":"2025-07-25T11:52:09","guid":{"rendered":"https:\/\/mmercelebi.com\/?page_id=2"},"modified":"2025-10-19T12:15:19","modified_gmt":"2025-10-19T12:15:19","slug":"sample-page","status":"publish","type":"page","link":"https:\/\/mmercelebi.com\/?page_id=2","title":{"rendered":"HAKKIMDA"},"content":{"rendered":"\n<p>Tasar\u0131m yolculu\u011fum, 2002 y\u0131l\u0131nda Yeditepe \u00dcniversitesi End\u00fcstri \u00dcr\u00fcnleri ve Tasar\u0131m\u0131 b\u00f6l\u00fcm\u00fcnden birincilikle mezun olmamla ba\u015flad\u0131. Mezuniyetimin hemen ard\u0131ndan bir i\u00e7 mimarl\u0131k firmas\u0131nda \u00e7al\u0131\u015fmaya ba\u015flad\u0131m. Ard\u0131ndan, al\u00fcminyum sat\u0131\u015f ve par\u00e7a \u00fcretimi yapan bir \u015firkette tasar\u0131mc\u0131 olarak g\u00f6rev ald\u0131m. 2004 y\u0131l\u0131nda askerlik hizmetimi tamamlayana kadar bu alanda aktif olarak \u00e7al\u0131\u015ft\u0131m.<br>2005 y\u0131l\u0131nda iki ki\u015filik bir ortakl\u0131kla ilk \u015firketimizi kurduk. Bu i\u015f birli\u011fi 2010 y\u0131l\u0131na kadar s\u00fcrd\u00fc. Sonras\u0131nda kendi \u015firketimi kurarak, i\u00e7 mimari projelere odakland\u0131m. Kendi tasar\u0131mlar\u0131m\u0131 hayata ge\u00e7irdi\u011fim bu s\u00fcre\u00e7te, \u00fcr\u00fcn ve mobilya tasar\u0131m\u0131 ile uygulama projelerini, b\u00fcnyemde kurdu\u011fum at\u00f6lye ve ta\u015feron ekiplerle birlikte ger\u00e7ekle\u015ftirdim.<br>Bug\u00fcne kadar bir\u00e7ok i\u00e7 mimari proje, \u00fcr\u00fcn tasar\u0131m\u0131, dan\u0131\u015fmanl\u0131k ve uygulama s\u00fcrecinde aktif rol ald\u0131m. \u00d6ne \u00e7\u0131kan projelerim aras\u0131nda:<\/p>\n\n\n\n<ul class=\"wp-block-list\">\n<li>\u0130DO Yenikap\u0131 i\u00e7 mimari tasar\u0131m\u0131 ve uygulama takibi<\/li>\n\n\n\n<li>Frans\u0131z okullar\u0131 tasar\u0131m yar\u0131\u015fmas\u0131 g\u00f6rsel sunumlar\u0131<\/li>\n\n\n\n<li>Kanyon AVM Fiat otopark alan\u0131 tasar\u0131m\u0131<\/li>\n\n\n\n<li>Alfa Romeo ara\u00e7 lansman stand\u0131 (T\u00fcrkiye Moda Haftas\u0131 kapsam\u0131nda)<\/li>\n\n\n\n<li>Bridgestone F1 lansman stand\u0131 \u2013 \u0130stanbul Park<\/li>\n\n\n\n<li>Arzu Kaprol i\u00e7in stand tasar\u0131m\u0131 ve uygulamas\u0131 (T\u00fcrkiye Moda Haftas\u0131)<br><\/li>\n<\/ul>\n\n\n\n<p>2010\u20132016 y\u0131llar\u0131 aras\u0131nda foto\u011fraf\u00e7\u0131l\u0131k hobimi profesyonel bir boyuta ta\u015f\u0131yarak, dijital ortamda yay\u0131nlanan bir otomobil dergisinde foto\u011fraf\u00e7\u0131 ve foto\u011fraf edit\u00f6r\u00fc olarak g\u00f6rev yapt\u0131m.<br>G\u00fcn\u00fcm\u00fczde; End\u00fcstri \u00dcr\u00fcnleri tasar\u0131m\u0131, \u00fcr\u00fcn ve marka dan\u0131\u015fmanl\u0131\u011f\u0131, 3D modelleme, 3D yaz\u0131c\u0131 bask\u0131 hizmetleri ve \u0130\u00e7 Mimari projelendirme alanlar\u0131nda hizmet vermeye devam ediyorum.<br>Her projede, kullan\u0131c\u0131lar\u0131n ihtiya\u00e7lar\u0131n\u0131 kar\u015f\u0131layan, ya\u015fam kalitesini art\u0131ran ve \u00f6zg\u00fcn hik\u00e2yeler bar\u0131nd\u0131ran tasar\u0131mlar \u00fcretmeye odaklan\u0131yorum.<\/p>\n\n\n\n<div style=\"height:10px\" aria-hidden=\"true\" class=\"wp-block-spacer\"><\/div>\n\n\n\n<p><strong>\u201cTan\u0131mlar\u0131 do\u011fru yap\u0131lm\u0131\u015f, kendisini anlatabilen \u00fcr\u00fcnleri ve ya\u015fam alanlar\u0131n\u0131 birlikte tasarlayal\u0131m.\u201d<\/strong><\/p>\n\n\n\n<p><br>Bu s\u00f6z, tasar\u0131m yakla\u015f\u0131m\u0131m\u0131n temelini olu\u015fturuyor. Her \u00fcr\u00fcn\u00fcn ve her mekan\u0131n bir karakteri, bir hikayesi olmal\u0131. Tasar\u0131m yaln\u0131zca estetik de\u011fil; ayn\u0131 zamanda i\u015flevsel, anlaml\u0131 ve kullan\u0131c\u0131yla ba\u011f kurabilen bir deneyim sunmal\u0131. Amac\u0131m, hem fiziksel hem duygusal ihtiya\u00e7lara cevap veren, \u00f6zg\u00fcn ve s\u00fcrd\u00fcr\u00fclebilir \u00e7\u00f6z\u00fcmler \u00fcretmek.<br>Kullan\u0131c\u0131n\u0131n ya\u015fam tarz\u0131n\u0131, al\u0131\u015fkanl\u0131klar\u0131n\u0131 ve beklentilerini do\u011fru analiz ederek; onlar\u0131n kendilerini ifade edebilecekleri, i\u00e7inde mutlu hissedecekleri alanlar ve \u00fcr\u00fcnleri olu\u015fturuyorum. Her detay, bir amaca hizmet etmeli. Her tasar\u0131m, kendini anlatabilmeli.<\/p>\n","protected":false},"excerpt":{"rendered":"<p>Tasar\u0131m yolculu\u011fum, 2002 y\u0131l\u0131nda Yeditepe \u00dcniversitesi End\u00fcstri \u00dcr\u00fcnleri ve Tasar\u0131m\u0131 b\u00f6l\u00fcm\u00fcnden birincilikle mezun olmamla ba\u015flad\u0131. Mezuniyetimin hemen ard\u0131ndan bir i\u00e7 mimarl\u0131k firmas\u0131nda \u00e7al\u0131\u015fmaya ba\u015flad\u0131m. Ard\u0131ndan, al\u00fcminyum sat\u0131\u015f ve par\u00e7a \u00fcretimi yapan bir \u015firkette tasar\u0131mc\u0131 olarak g\u00f6rev ald\u0131m. 2004 y\u0131l\u0131nda askerlik hizmetimi tamamlayana kadar bu alanda aktif olarak \u00e7al\u0131\u015ft\u0131m.2005 y\u0131l\u0131nda iki ki\u015filik bir ortakl\u0131kla ilk \u015firketimizi [&hellip;]<\/p>\n","protected":false},"author":1,"featured_media":0,"parent":0,"menu_order":0,"comment_status":"closed","ping_status":"closed","template":"","meta":{"footnotes":""},"class_list":["post-2","page","type-page","status-publish","hentry"],"yoast_head":"<!-- This site is optimized with the Yoast SEO plugin v27.4 - https:\/\/yoast.com\/product\/yoast-seo-wordpress\/ -->\n<title>HAKKIMDA - Mahmut Murat ER\u00c7ELEB\u0130<\/title>\n<meta name=\"robots\" content=\"index, follow, max-snippet:-1, max-image-preview:large, max-video-preview:-1\" \/>\n<link rel=\"canonical\" href=\"https:\/\/mmercelebi.com\/?page_id=2\" \/>\n<meta property=\"og:locale\" content=\"tr_TR\" \/>\n<meta property=\"og:type\" content=\"article\" \/>\n<meta property=\"og:title\" content=\"HAKKIMDA - Mahmut Murat ER\u00c7ELEB\u0130\" \/>\n<meta property=\"og:description\" content=\"Tasar\u0131m yolculu\u011fum, 2002 y\u0131l\u0131nda Yeditepe \u00dcniversitesi End\u00fcstri \u00dcr\u00fcnleri ve Tasar\u0131m\u0131 b\u00f6l\u00fcm\u00fcnden birincilikle mezun olmamla ba\u015flad\u0131. Mezuniyetimin hemen ard\u0131ndan bir i\u00e7 mimarl\u0131k firmas\u0131nda \u00e7al\u0131\u015fmaya ba\u015flad\u0131m. Ard\u0131ndan, al\u00fcminyum sat\u0131\u015f ve par\u00e7a \u00fcretimi yapan bir \u015firkette tasar\u0131mc\u0131 olarak g\u00f6rev ald\u0131m. 2004 y\u0131l\u0131nda askerlik hizmetimi tamamlayana kadar bu alanda aktif olarak \u00e7al\u0131\u015ft\u0131m.2005 y\u0131l\u0131nda iki ki\u015filik bir ortakl\u0131kla ilk \u015firketimizi [&hellip;]\" \/>\n<meta property=\"og:url\" content=\"https:\/\/mmercelebi.com\/?page_id=2\" \/>\n<meta property=\"og:site_name\" content=\"Mahmut Murat ER\u00c7ELEB\u0130\" \/>\n<meta property=\"article:modified_time\" content=\"2025-10-19T12:15:19+00:00\" \/>\n<meta name=\"twitter:card\" content=\"summary_large_image\" \/>\n<meta name=\"twitter:label1\" content=\"Tahmini okuma s\u00fcresi\" \/>\n\t<meta name=\"twitter:data1\" content=\"2 dakika\" \/>\n<script type=\"application\/ld+json\" class=\"yoast-schema-graph\">{\"@context\":\"https:\\\/\\\/schema.org\",\"@graph\":[{\"@type\":\"WebPage\",\"@id\":\"https:\\\/\\\/mmercelebi.com\\\/?page_id=2\",\"url\":\"https:\\\/\\\/mmercelebi.com\\\/?page_id=2\",\"name\":\"HAKKIMDA - Mahmut Murat ER\u00c7ELEB\u0130\",\"isPartOf\":{\"@id\":\"https:\\\/\\\/mmercelebi.com\\\/#website\"},\"datePublished\":\"2025-07-25T11:52:09+00:00\",\"dateModified\":\"2025-10-19T12:15:19+00:00\",\"breadcrumb\":{\"@id\":\"https:\\\/\\\/mmercelebi.com\\\/?page_id=2#breadcrumb\"},\"inLanguage\":\"tr\",\"potentialAction\":[{\"@type\":\"ReadAction\",\"target\":[\"https:\\\/\\\/mmercelebi.com\\\/?page_id=2\"]}]},{\"@type\":\"BreadcrumbList\",\"@id\":\"https:\\\/\\\/mmercelebi.com\\\/?page_id=2#breadcrumb\",\"itemListElement\":[{\"@type\":\"ListItem\",\"position\":1,\"name\":\"Anasayfa\",\"item\":\"https:\\\/\\\/mmercelebi.com\\\/\"},{\"@type\":\"ListItem\",\"position\":2,\"name\":\"HAKKIMDA\"}]},{\"@type\":\"WebSite\",\"@id\":\"https:\\\/\\\/mmercelebi.com\\\/#website\",\"url\":\"https:\\\/\\\/mmercelebi.com\\\/\",\"name\":\"Mahmut Murat ER\u00c7ELEB\u0130\",\"description\":\"End\u00fcstri \u00dcr\u00fcnleri Tasar\u0131mc\u0131s\u0131\",\"publisher\":{\"@id\":\"https:\\\/\\\/mmercelebi.com\\\/#organization\"},\"potentialAction\":[{\"@type\":\"SearchAction\",\"target\":{\"@type\":\"EntryPoint\",\"urlTemplate\":\"https:\\\/\\\/mmercelebi.com\\\/?s={search_term_string}\"},\"query-input\":{\"@type\":\"PropertyValueSpecification\",\"valueRequired\":true,\"valueName\":\"search_term_string\"}}],\"inLanguage\":\"tr\"},{\"@type\":\"Organization\",\"@id\":\"https:\\\/\\\/mmercelebi.com\\\/#organization\",\"name\":\"Mahmut Murat ER\u00c7ELEB\u0130\",\"url\":\"https:\\\/\\\/mmercelebi.com\\\/\",\"logo\":{\"@type\":\"ImageObject\",\"inLanguage\":\"tr\",\"@id\":\"https:\\\/\\\/mmercelebi.com\\\/#\\\/schema\\\/logo\\\/image\\\/\",\"url\":\"https:\\\/\\\/mmercelebi.com\\\/wp-content\\\/uploads\\\/2025\\\/10\\\/M-logo-byz-1.png\",\"contentUrl\":\"https:\\\/\\\/mmercelebi.com\\\/wp-content\\\/uploads\\\/2025\\\/10\\\/M-logo-byz-1.png\",\"width\":2154,\"height\":1534,\"caption\":\"Mahmut Murat ER\u00c7ELEB\u0130\"},\"image\":{\"@id\":\"https:\\\/\\\/mmercelebi.com\\\/#\\\/schema\\\/logo\\\/image\\\/\"}}]}<\/script>\n<!-- \/ Yoast SEO plugin. -->","yoast_head_json":{"title":"HAKKIMDA - Mahmut Murat ER\u00c7ELEB\u0130","robots":{"index":"index","follow":"follow","max-snippet":"max-snippet:-1","max-image-preview":"max-image-preview:large","max-video-preview":"max-video-preview:-1"},"canonical":"https:\/\/mmercelebi.com\/?page_id=2","og_locale":"tr_TR","og_type":"article","og_title":"HAKKIMDA - Mahmut Murat ER\u00c7ELEB\u0130","og_description":"Tasar\u0131m yolculu\u011fum, 2002 y\u0131l\u0131nda Yeditepe \u00dcniversitesi End\u00fcstri \u00dcr\u00fcnleri ve Tasar\u0131m\u0131 b\u00f6l\u00fcm\u00fcnden birincilikle mezun olmamla ba\u015flad\u0131. Mezuniyetimin hemen ard\u0131ndan bir i\u00e7 mimarl\u0131k firmas\u0131nda \u00e7al\u0131\u015fmaya ba\u015flad\u0131m. Ard\u0131ndan, al\u00fcminyum sat\u0131\u015f ve par\u00e7a \u00fcretimi yapan bir \u015firkette tasar\u0131mc\u0131 olarak g\u00f6rev ald\u0131m. 2004 y\u0131l\u0131nda askerlik hizmetimi tamamlayana kadar bu alanda aktif olarak \u00e7al\u0131\u015ft\u0131m.2005 y\u0131l\u0131nda iki ki\u015filik bir ortakl\u0131kla ilk \u015firketimizi [&hellip;]","og_url":"https:\/\/mmercelebi.com\/?page_id=2","og_site_name":"Mahmut Murat ER\u00c7ELEB\u0130","article_modified_time":"2025-10-19T12:15:19+00:00","twitter_card":"summary_large_image","twitter_misc":{"Tahmini okuma s\u00fcresi":"2 dakika"},"schema":{"@context":"https:\/\/schema.org","@graph":[{"@type":"WebPage","@id":"https:\/\/mmercelebi.com\/?page_id=2","url":"https:\/\/mmercelebi.com\/?page_id=2","name":"HAKKIMDA - Mahmut Murat ER\u00c7ELEB\u0130","isPartOf":{"@id":"https:\/\/mmercelebi.com\/#website"},"datePublished":"2025-07-25T11:52:09+00:00","dateModified":"2025-10-19T12:15:19+00:00","breadcrumb":{"@id":"https:\/\/mmercelebi.com\/?page_id=2#breadcrumb"},"inLanguage":"tr","potentialAction":[{"@type":"ReadAction","target":["https:\/\/mmercelebi.com\/?page_id=2"]}]},{"@type":"BreadcrumbList","@id":"https:\/\/mmercelebi.com\/?page_id=2#breadcrumb","itemListElement":[{"@type":"ListItem","position":1,"name":"Anasayfa","item":"https:\/\/mmercelebi.com\/"},{"@type":"ListItem","position":2,"name":"HAKKIMDA"}]},{"@type":"WebSite","@id":"https:\/\/mmercelebi.com\/#website","url":"https:\/\/mmercelebi.com\/","name":"Mahmut Murat ER\u00c7ELEB\u0130","description":"End\u00fcstri \u00dcr\u00fcnleri Tasar\u0131mc\u0131s\u0131","publisher":{"@id":"https:\/\/mmercelebi.com\/#organization"},"potentialAction":[{"@type":"SearchAction","target":{"@type":"EntryPoint","urlTemplate":"https:\/\/mmercelebi.com\/?s={search_term_string}"},"query-input":{"@type":"PropertyValueSpecification","valueRequired":true,"valueName":"search_term_string"}}],"inLanguage":"tr"},{"@type":"Organization","@id":"https:\/\/mmercelebi.com\/#organization","name":"Mahmut Murat ER\u00c7ELEB\u0130","url":"https:\/\/mmercelebi.com\/","logo":{"@type":"ImageObject","inLanguage":"tr","@id":"https:\/\/mmercelebi.com\/#\/schema\/logo\/image\/","url":"https:\/\/mmercelebi.com\/wp-content\/uploads\/2025\/10\/M-logo-byz-1.png","contentUrl":"https:\/\/mmercelebi.com\/wp-content\/uploads\/2025\/10\/M-logo-byz-1.png","width":2154,"height":1534,"caption":"Mahmut Murat ER\u00c7ELEB\u0130"},"image":{"@id":"https:\/\/mmercelebi.com\/#\/schema\/logo\/image\/"}}]}},"_links":{"self":[{"href":"https:\/\/mmercelebi.com\/index.php?rest_route=\/wp\/v2\/pages\/2","targetHints":{"allow":["GET"]}}],"collection":[{"href":"https:\/\/mmercelebi.com\/index.php?rest_route=\/wp\/v2\/pages"}],"about":[{"href":"https:\/\/mmercelebi.com\/index.php?rest_route=\/wp\/v2\/types\/page"}],"author":[{"embeddable":true,"href":"https:\/\/mmercelebi.com\/index.php?rest_route=\/wp\/v2\/users\/1"}],"replies":[{"embeddable":true,"href":"https:\/\/mmercelebi.com\/index.php?rest_route=%2Fwp%2Fv2%2Fcomments&post=2"}],"version-history":[{"count":12,"href":"https:\/\/mmercelebi.com\/index.php?rest_route=\/wp\/v2\/pages\/2\/revisions"}],"predecessor-version":[{"id":379,"href":"https:\/\/mmercelebi.com\/index.php?rest_route=\/wp\/v2\/pages\/2\/revisions\/379"}],"wp:attachment":[{"href":"https:\/\/mmercelebi.com\/index.php?rest_route=%2Fwp%2Fv2%2Fmedia&parent=2"}],"curies":[{"name":"wp","href":"https:\/\/api.w.org\/{rel}","templated":true}]}}