{"id":152,"date":"2025-10-09T21:37:48","date_gmt":"2025-10-09T21:37:48","guid":{"rendered":"https:\/\/mmercelebi.com\/?page_id=152"},"modified":"2025-10-16T15:02:19","modified_gmt":"2025-10-16T15:02:19","slug":"ic-mimari","status":"publish","type":"page","link":"https:\/\/mmercelebi.com\/?page_id=152","title":{"rendered":"\u0130\u00e7 Mimari"},"content":{"rendered":"\n<div class=\"wp-block-media-text is-stacked-on-mobile\"><figure class=\"wp-block-media-text__media\"><img loading=\"lazy\" decoding=\"async\" width=\"1024\" height=\"724\" src=\"https:\/\/mmercelebi.com\/wp-content\/uploads\/2025\/10\/internet-sitesi-2-1024x724.jpg\" alt=\"\" class=\"wp-image-308 size-full\" srcset=\"https:\/\/mmercelebi.com\/wp-content\/uploads\/2025\/10\/internet-sitesi-2-1024x724.jpg 1024w, https:\/\/mmercelebi.com\/wp-content\/uploads\/2025\/10\/internet-sitesi-2-300x212.jpg 300w, https:\/\/mmercelebi.com\/wp-content\/uploads\/2025\/10\/internet-sitesi-2-768x543.jpg 768w, https:\/\/mmercelebi.com\/wp-content\/uploads\/2025\/10\/internet-sitesi-2-1536x1085.jpg 1536w, https:\/\/mmercelebi.com\/wp-content\/uploads\/2025\/10\/internet-sitesi-2.jpg 1772w\" sizes=\"auto, (max-width: 1024px) 100vw, 1024px\" \/><\/figure><div class=\"wp-block-media-text__content\">\n<p>Tasar\u0131m yolculu\u011fum 2002 y\u0131l\u0131nda, \u00fcniversiteden mezun olmadan \u00f6nce bir \u0130\u00e7 Mimarl\u0131k firmas\u0131nda \u00e7al\u0131\u015fmaya ba\u015flamamla ba\u015flad\u0131. Bu erken deneyim, mek\u00e2nlara farkl\u0131 bir g\u00f6zle bakmam\u0131 sa\u011flad\u0131. Firman\u0131n kapanmas\u0131n\u0131n ard\u0131ndan end\u00fcstri \u00fcr\u00fcnleri tasar\u0131mc\u0131s\u0131 olarak \u00e7e\u015fitli \u015firketlerde g\u00f6rev ald\u0131m. Askerlik hizmetimi tamamlad\u0131ktan sonra ise \u0130\u00e7 Mimari alan\u0131nda bir\u00e7ok projeye imza att\u0131m.<br>Her zaman hedefim, kendi tasar\u0131m anlay\u0131\u015f\u0131m\u0131 yans\u0131tan \u00f6zg\u00fcn projeler \u00fcretmek oldu. Mek\u00e2nlar\u0131 yaln\u0131zca estetik de\u011fil, ayn\u0131 zamanda kullan\u0131c\u0131lar\u0131n ihtiya\u00e7lar\u0131n\u0131 kar\u015f\u0131layacak ve ya\u015fam kalitesini art\u0131racak \u015fekilde tasarlamaya \u00f6zen g\u00f6steriyorum. Her alan\u0131n kendine \u00f6zg\u00fc bir hikayesi olmal\u0131; bu hikaye, detaylarda gizli olmal\u0131. Tasar\u0131mlar\u0131m, hem kullan\u0131c\u0131dan izler ta\u015f\u0131mal\u0131 hem de fark\u0131nda olmadan edinilmi\u015f al\u0131\u015fkanl\u0131klar\u0131 d\u00f6n\u00fc\u015ft\u00fcrecek \u00f6zg\u00fcr alanlar sunmal\u0131. B\u00f6ylece mek\u00e2nlar, i\u00e7inde mutlu olunacak ya\u015fam alanlar\u0131na d\u00f6n\u00fc\u015f\u00fcr.<br>Bug\u00fcn edindi\u011fim t\u00fcm deneyimlerle birlikte; konsept proje geli\u015ftirme, proje dan\u0131\u015fmanl\u0131\u011f\u0131, 3D modelleme ve sunum alanlar\u0131nda hizmet vermeye devam ediyorum.<\/p>\n\n\n\n<p><\/p>\n<\/div><\/div>\n","protected":false},"excerpt":{"rendered":"<p>Tasar\u0131m yolculu\u011fum 2002 y\u0131l\u0131nda, \u00fcniversiteden mezun olmadan \u00f6nce bir \u0130\u00e7 Mimarl\u0131k firmas\u0131nda \u00e7al\u0131\u015fmaya ba\u015flamamla ba\u015flad\u0131. Bu erken deneyim, mek\u00e2nlara farkl\u0131 bir g\u00f6zle bakmam\u0131 sa\u011flad\u0131. Firman\u0131n kapanmas\u0131n\u0131n ard\u0131ndan end\u00fcstri \u00fcr\u00fcnleri tasar\u0131mc\u0131s\u0131 olarak \u00e7e\u015fitli \u015firketlerde g\u00f6rev ald\u0131m. Askerlik hizmetimi tamamlad\u0131ktan sonra ise \u0130\u00e7 Mimari alan\u0131nda bir\u00e7ok projeye imza att\u0131m.Her zaman hedefim, kendi tasar\u0131m anlay\u0131\u015f\u0131m\u0131 yans\u0131tan \u00f6zg\u00fcn projeler [&hellip;]<\/p>\n","protected":false},"author":1,"featured_media":0,"parent":0,"menu_order":0,"comment_status":"closed","ping_status":"closed","template":"","meta":{"footnotes":""},"class_list":["post-152","page","type-page","status-publish","hentry"],"yoast_head":"<!-- This site is optimized with the Yoast SEO plugin v27.4 - https:\/\/yoast.com\/product\/yoast-seo-wordpress\/ -->\n<title>\u0130\u00e7 Mimari - Mahmut Murat ER\u00c7ELEB\u0130<\/title>\n<meta name=\"robots\" content=\"index, follow, max-snippet:-1, max-image-preview:large, max-video-preview:-1\" \/>\n<link rel=\"canonical\" href=\"https:\/\/mmercelebi.com\/?page_id=152\" \/>\n<meta property=\"og:locale\" content=\"tr_TR\" \/>\n<meta property=\"og:type\" content=\"article\" \/>\n<meta property=\"og:title\" content=\"\u0130\u00e7 Mimari - Mahmut Murat ER\u00c7ELEB\u0130\" \/>\n<meta property=\"og:description\" content=\"Tasar\u0131m yolculu\u011fum 2002 y\u0131l\u0131nda, \u00fcniversiteden mezun olmadan \u00f6nce bir \u0130\u00e7 Mimarl\u0131k firmas\u0131nda \u00e7al\u0131\u015fmaya ba\u015flamamla ba\u015flad\u0131. Bu erken deneyim, mek\u00e2nlara farkl\u0131 bir g\u00f6zle bakmam\u0131 sa\u011flad\u0131. Firman\u0131n kapanmas\u0131n\u0131n ard\u0131ndan end\u00fcstri \u00fcr\u00fcnleri tasar\u0131mc\u0131s\u0131 olarak \u00e7e\u015fitli \u015firketlerde g\u00f6rev ald\u0131m. Askerlik hizmetimi tamamlad\u0131ktan sonra ise \u0130\u00e7 Mimari alan\u0131nda bir\u00e7ok projeye imza att\u0131m.Her zaman hedefim, kendi tasar\u0131m anlay\u0131\u015f\u0131m\u0131 yans\u0131tan \u00f6zg\u00fcn projeler [&hellip;]\" \/>\n<meta property=\"og:url\" content=\"https:\/\/mmercelebi.com\/?page_id=152\" \/>\n<meta property=\"og:site_name\" content=\"Mahmut Murat ER\u00c7ELEB\u0130\" \/>\n<meta property=\"article:modified_time\" content=\"2025-10-16T15:02:19+00:00\" \/>\n<meta property=\"og:image\" content=\"https:\/\/mmercelebi.com\/wp-content\/uploads\/2025\/10\/internet-sitesi-2.jpg\" \/>\n\t<meta property=\"og:image:width\" content=\"1772\" \/>\n\t<meta property=\"og:image:height\" content=\"1252\" \/>\n\t<meta property=\"og:image:type\" content=\"image\/jpeg\" \/>\n<meta name=\"twitter:card\" content=\"summary_large_image\" \/>\n<meta name=\"twitter:label1\" content=\"Tahmini okuma s\u00fcresi\" \/>\n\t<meta name=\"twitter:data1\" content=\"1 dakika\" \/>\n<script type=\"application\/ld+json\" class=\"yoast-schema-graph\">{\"@context\":\"https:\\\/\\\/schema.org\",\"@graph\":[{\"@type\":\"WebPage\",\"@id\":\"https:\\\/\\\/mmercelebi.com\\\/?page_id=152\",\"url\":\"https:\\\/\\\/mmercelebi.com\\\/?page_id=152\",\"name\":\"\u0130\u00e7 Mimari - Mahmut Murat ER\u00c7ELEB\u0130\",\"isPartOf\":{\"@id\":\"https:\\\/\\\/mmercelebi.com\\\/#website\"},\"primaryImageOfPage\":{\"@id\":\"https:\\\/\\\/mmercelebi.com\\\/?page_id=152#primaryimage\"},\"image\":{\"@id\":\"https:\\\/\\\/mmercelebi.com\\\/?page_id=152#primaryimage\"},\"thumbnailUrl\":\"https:\\\/\\\/mmercelebi.com\\\/wp-content\\\/uploads\\\/2025\\\/10\\\/internet-sitesi-2-1024x724.jpg\",\"datePublished\":\"2025-10-09T21:37:48+00:00\",\"dateModified\":\"2025-10-16T15:02:19+00:00\",\"breadcrumb\":{\"@id\":\"https:\\\/\\\/mmercelebi.com\\\/?page_id=152#breadcrumb\"},\"inLanguage\":\"tr\",\"potentialAction\":[{\"@type\":\"ReadAction\",\"target\":[\"https:\\\/\\\/mmercelebi.com\\\/?page_id=152\"]}]},{\"@type\":\"ImageObject\",\"inLanguage\":\"tr\",\"@id\":\"https:\\\/\\\/mmercelebi.com\\\/?page_id=152#primaryimage\",\"url\":\"https:\\\/\\\/mmercelebi.com\\\/wp-content\\\/uploads\\\/2025\\\/10\\\/internet-sitesi-2.jpg\",\"contentUrl\":\"https:\\\/\\\/mmercelebi.com\\\/wp-content\\\/uploads\\\/2025\\\/10\\\/internet-sitesi-2.jpg\",\"width\":1772,\"height\":1252},{\"@type\":\"BreadcrumbList\",\"@id\":\"https:\\\/\\\/mmercelebi.com\\\/?page_id=152#breadcrumb\",\"itemListElement\":[{\"@type\":\"ListItem\",\"position\":1,\"name\":\"Anasayfa\",\"item\":\"https:\\\/\\\/mmercelebi.com\\\/\"},{\"@type\":\"ListItem\",\"position\":2,\"name\":\"\u0130\u00e7 Mimari\"}]},{\"@type\":\"WebSite\",\"@id\":\"https:\\\/\\\/mmercelebi.com\\\/#website\",\"url\":\"https:\\\/\\\/mmercelebi.com\\\/\",\"name\":\"Mahmut Murat ER\u00c7ELEB\u0130\",\"description\":\"End\u00fcstri \u00dcr\u00fcnleri Tasar\u0131mc\u0131s\u0131\",\"publisher\":{\"@id\":\"https:\\\/\\\/mmercelebi.com\\\/#organization\"},\"potentialAction\":[{\"@type\":\"SearchAction\",\"target\":{\"@type\":\"EntryPoint\",\"urlTemplate\":\"https:\\\/\\\/mmercelebi.com\\\/?s={search_term_string}\"},\"query-input\":{\"@type\":\"PropertyValueSpecification\",\"valueRequired\":true,\"valueName\":\"search_term_string\"}}],\"inLanguage\":\"tr\"},{\"@type\":\"Organization\",\"@id\":\"https:\\\/\\\/mmercelebi.com\\\/#organization\",\"name\":\"Mahmut Murat ER\u00c7ELEB\u0130\",\"url\":\"https:\\\/\\\/mmercelebi.com\\\/\",\"logo\":{\"@type\":\"ImageObject\",\"inLanguage\":\"tr\",\"@id\":\"https:\\\/\\\/mmercelebi.com\\\/#\\\/schema\\\/logo\\\/image\\\/\",\"url\":\"https:\\\/\\\/mmercelebi.com\\\/wp-content\\\/uploads\\\/2025\\\/10\\\/M-logo-byz-1.png\",\"contentUrl\":\"https:\\\/\\\/mmercelebi.com\\\/wp-content\\\/uploads\\\/2025\\\/10\\\/M-logo-byz-1.png\",\"width\":2154,\"height\":1534,\"caption\":\"Mahmut Murat ER\u00c7ELEB\u0130\"},\"image\":{\"@id\":\"https:\\\/\\\/mmercelebi.com\\\/#\\\/schema\\\/logo\\\/image\\\/\"}}]}<\/script>\n<!-- \/ Yoast SEO plugin. -->","yoast_head_json":{"title":"\u0130\u00e7 Mimari - Mahmut Murat ER\u00c7ELEB\u0130","robots":{"index":"index","follow":"follow","max-snippet":"max-snippet:-1","max-image-preview":"max-image-preview:large","max-video-preview":"max-video-preview:-1"},"canonical":"https:\/\/mmercelebi.com\/?page_id=152","og_locale":"tr_TR","og_type":"article","og_title":"\u0130\u00e7 Mimari - Mahmut Murat ER\u00c7ELEB\u0130","og_description":"Tasar\u0131m yolculu\u011fum 2002 y\u0131l\u0131nda, \u00fcniversiteden mezun olmadan \u00f6nce bir \u0130\u00e7 Mimarl\u0131k firmas\u0131nda \u00e7al\u0131\u015fmaya ba\u015flamamla ba\u015flad\u0131. Bu erken deneyim, mek\u00e2nlara farkl\u0131 bir g\u00f6zle bakmam\u0131 sa\u011flad\u0131. Firman\u0131n kapanmas\u0131n\u0131n ard\u0131ndan end\u00fcstri \u00fcr\u00fcnleri tasar\u0131mc\u0131s\u0131 olarak \u00e7e\u015fitli \u015firketlerde g\u00f6rev ald\u0131m. Askerlik hizmetimi tamamlad\u0131ktan sonra ise \u0130\u00e7 Mimari alan\u0131nda bir\u00e7ok projeye imza att\u0131m.Her zaman hedefim, kendi tasar\u0131m anlay\u0131\u015f\u0131m\u0131 yans\u0131tan \u00f6zg\u00fcn projeler [&hellip;]","og_url":"https:\/\/mmercelebi.com\/?page_id=152","og_site_name":"Mahmut Murat ER\u00c7ELEB\u0130","article_modified_time":"2025-10-16T15:02:19+00:00","og_image":[{"width":1772,"height":1252,"url":"https:\/\/mmercelebi.com\/wp-content\/uploads\/2025\/10\/internet-sitesi-2.jpg","type":"image\/jpeg"}],"twitter_card":"summary_large_image","twitter_misc":{"Tahmini okuma s\u00fcresi":"1 dakika"},"schema":{"@context":"https:\/\/schema.org","@graph":[{"@type":"WebPage","@id":"https:\/\/mmercelebi.com\/?page_id=152","url":"https:\/\/mmercelebi.com\/?page_id=152","name":"\u0130\u00e7 Mimari - Mahmut Murat ER\u00c7ELEB\u0130","isPartOf":{"@id":"https:\/\/mmercelebi.com\/#website"},"primaryImageOfPage":{"@id":"https:\/\/mmercelebi.com\/?page_id=152#primaryimage"},"image":{"@id":"https:\/\/mmercelebi.com\/?page_id=152#primaryimage"},"thumbnailUrl":"https:\/\/mmercelebi.com\/wp-content\/uploads\/2025\/10\/internet-sitesi-2-1024x724.jpg","datePublished":"2025-10-09T21:37:48+00:00","dateModified":"2025-10-16T15:02:19+00:00","breadcrumb":{"@id":"https:\/\/mmercelebi.com\/?page_id=152#breadcrumb"},"inLanguage":"tr","potentialAction":[{"@type":"ReadAction","target":["https:\/\/mmercelebi.com\/?page_id=152"]}]},{"@type":"ImageObject","inLanguage":"tr","@id":"https:\/\/mmercelebi.com\/?page_id=152#primaryimage","url":"https:\/\/mmercelebi.com\/wp-content\/uploads\/2025\/10\/internet-sitesi-2.jpg","contentUrl":"https:\/\/mmercelebi.com\/wp-content\/uploads\/2025\/10\/internet-sitesi-2.jpg","width":1772,"height":1252},{"@type":"BreadcrumbList","@id":"https:\/\/mmercelebi.com\/?page_id=152#breadcrumb","itemListElement":[{"@type":"ListItem","position":1,"name":"Anasayfa","item":"https:\/\/mmercelebi.com\/"},{"@type":"ListItem","position":2,"name":"\u0130\u00e7 Mimari"}]},{"@type":"WebSite","@id":"https:\/\/mmercelebi.com\/#website","url":"https:\/\/mmercelebi.com\/","name":"Mahmut Murat ER\u00c7ELEB\u0130","description":"End\u00fcstri \u00dcr\u00fcnleri Tasar\u0131mc\u0131s\u0131","publisher":{"@id":"https:\/\/mmercelebi.com\/#organization"},"potentialAction":[{"@type":"SearchAction","target":{"@type":"EntryPoint","urlTemplate":"https:\/\/mmercelebi.com\/?s={search_term_string}"},"query-input":{"@type":"PropertyValueSpecification","valueRequired":true,"valueName":"search_term_string"}}],"inLanguage":"tr"},{"@type":"Organization","@id":"https:\/\/mmercelebi.com\/#organization","name":"Mahmut Murat ER\u00c7ELEB\u0130","url":"https:\/\/mmercelebi.com\/","logo":{"@type":"ImageObject","inLanguage":"tr","@id":"https:\/\/mmercelebi.com\/#\/schema\/logo\/image\/","url":"https:\/\/mmercelebi.com\/wp-content\/uploads\/2025\/10\/M-logo-byz-1.png","contentUrl":"https:\/\/mmercelebi.com\/wp-content\/uploads\/2025\/10\/M-logo-byz-1.png","width":2154,"height":1534,"caption":"Mahmut Murat ER\u00c7ELEB\u0130"},"image":{"@id":"https:\/\/mmercelebi.com\/#\/schema\/logo\/image\/"}}]}},"_links":{"self":[{"href":"https:\/\/mmercelebi.com\/index.php?rest_route=\/wp\/v2\/pages\/152","targetHints":{"allow":["GET"]}}],"collection":[{"href":"https:\/\/mmercelebi.com\/index.php?rest_route=\/wp\/v2\/pages"}],"about":[{"href":"https:\/\/mmercelebi.com\/index.php?rest_route=\/wp\/v2\/types\/page"}],"author":[{"embeddable":true,"href":"https:\/\/mmercelebi.com\/index.php?rest_route=\/wp\/v2\/users\/1"}],"replies":[{"embeddable":true,"href":"https:\/\/mmercelebi.com\/index.php?rest_route=%2Fwp%2Fv2%2Fcomments&post=152"}],"version-history":[{"count":7,"href":"https:\/\/mmercelebi.com\/index.php?rest_route=\/wp\/v2\/pages\/152\/revisions"}],"predecessor-version":[{"id":321,"href":"https:\/\/mmercelebi.com\/index.php?rest_route=\/wp\/v2\/pages\/152\/revisions\/321"}],"wp:attachment":[{"href":"https:\/\/mmercelebi.com\/index.php?rest_route=%2Fwp%2Fv2%2Fmedia&parent=152"}],"curies":[{"name":"wp","href":"https:\/\/api.w.org\/{rel}","templated":true}]}}